{"id":160,"date":"2019-03-01T17:16:45","date_gmt":"2019-03-01T16:16:45","guid":{"rendered":"https:\/\/b2bcomputinglu.wpcomstaging.com\/?page_id=160"},"modified":"2019-04-05T15:43:56","modified_gmt":"2019-04-05T15:43:56","slug":"telephonie","status":"publish","type":"page","link":"https:\/\/www.b2bcomputing.lu\/index.php\/telephonie\/","title":{"rendered":"Reprenez le contr\u00f4le de votre syst\u00e8me t\u00e9l\u00e9phonique"},"content":{"rendered":"\n<div class=\"wp-block-media-text alignwide\"><figure class=\"wp-block-media-text__media\"><img loading=\"lazy\" decoding=\"async\" width=\"380\" height=\"285\" src=\"https:\/\/www.b2bcomputing.lu\/wp-content\/uploads\/2019\/03\/3cx.jpg?w=380\" alt=\"\" class=\"wp-image-150\" srcset=\"https:\/\/www.b2bcomputing.lu\/wp-content\/uploads\/2019\/03\/3cx.jpg 380w, https:\/\/www.b2bcomputing.lu\/wp-content\/uploads\/2019\/03\/3cx-300x225.jpg 300w\" sizes=\"auto, (max-width: 380px) 100vw, 380px\" \/><\/figure><div class=\"wp-block-media-text__content\">\n<p class=\"has-small-font-size\">Vous voudriez remplacer votre standard t\u00e9l\u00e9phonique d\u00e9mod\u00e9 et encombrant avec une solution moderne de Communications Unifi\u00e9es.<\/p>\n\n\n\n<p class=\"has-small-font-size\">3CX est un PABX logiciel aux standards ouverts qui fonctionne avec les t\u00e9l\u00e9phones IP et les trunks SIP les plus communs, sur site ou dans le cloud. C\u2019est une solution compl\u00e8te de Communications Unifi\u00e9es, incluant des fonctionnalit\u00e9s telles que la web conf\u00e9rence, la pr\u00e9sence, les softphones et clients pour smartphones et plus encore&#8230;<\/p>\n\n\n\n<p class=\"has-small-font-size\">Les avantages de la t\u00e9l\u00e9phonie VOIP<\/p>\n<\/div><\/div>\n\n\n\n<h4 class=\"wp-block-heading\">Les avantages de la t\u00e9l\u00e9phonie VOIP<\/h4>\n\n\n\n<div class=\"wp-block-ugb-icon-list ugb-icon-list-wrapper\"><ul class=\"ugb-icon-list ugb-icon--icon-check ugb-icon--columns-1\" style=\"--icon:url('data:image\/svg+xml;base64,PHN2ZyB2aWV3Qm94PSIwIDAgMTkwIDE5MCIgeG1sbnM9Imh0dHA6Ly93d3cudzMub3JnLzIwMDAvc3ZnIiBzdHlsZT0iZmlsbDojMDY5M2UzIj48cGF0aCBkPSJNMTczLjggMjguNEw2MC40IDE0MS44IDE1LjcgOTcuMiA1LjEgMTA3LjggNjAuNCAxNjNsMTI0LTEyNC0xMC42LTEwLjZ6Ij48L3BhdGg+PC9zdmc+');--icon-size:20px;--gap:16px\"><li> <strong>Facilit\u00e9<\/strong>: l&rsquo;installation et la gestion sont tr\u00e8s simples tout en offrant de multiples possibilit\u00e9s.<\/li><li><strong>Evolutif :<\/strong> Les postes t\u00e9l\u00e9phoniques IP ne sont pas d\u00e9pendants d\u2019une ligne t\u00e9l\u00e9phonique interne (ni d\u2019un num\u00e9ro de t\u00e9l\u00e9phone du central) contrairement aux anciens centraux t\u00e9l\u00e9phoniques, il est donc tr\u00e8s facile de les d\u00e9ployer ou d\u00e9placer. Le d\u00e9placement \u00ab\u00a0physique\u00a0\u00bb du poste dans les b\u00e2timents ne n\u00e9cessite plus les fastidieuses (et co\u00fbteuses) op\u00e9rations de reconfiguration du central.<\/li><li><strong>Fonctionnalit\u00e9 \u00ab\u00a0Rapport\u00a0\u00bb:<\/strong> vous pouvez ainsi mieux ma\u00eetriser vos co\u00fbts. <br>     <\/li><\/ul><\/div>\n\n\n\n<h4 class=\"wp-block-heading\">Pourquoi choisir B2B Computing ?<\/h4>\n\n\n\n<div class=\"wp-block-ugb-icon-list ugb-icon-list-wrapper\"><ul class=\"ugb-icon-list ugb-icon--icon-check ugb-icon--columns-1\" style=\"--icon:url('data:image\/svg+xml;base64,PHN2ZyB2aWV3Qm94PSIwIDAgMTk0IDE5NCIgeG1sbnM9Imh0dHA6Ly93d3cudzMub3JnLzIwMDAvc3ZnIiBzdHlsZT0iZmlsbDojYTY3MjQyIj48cGF0aCBkPSJNOTYuOSAyYy01Mi40IDAtOTUgNDIuNi05NSA5NXM0Mi42IDk1IDk1IDk1IDk1LTQyLjYgOTUtOTUtNDIuNi05NS05NS05NXpNNzYuNiAxNDQuN2wtMzYuNS0zNi41IDEwLjYtMTAuNiAyNS45IDI1LjkgNjguOC02OC44TDE1NiA2NS4zbC03OS40IDc5LjR6Ij48L3BhdGg+PC9zdmc+');--icon-size:20px;--gap:16px\"><li><strong>Configuration personnalis\u00e9e<\/strong><br>Notre offre inclus une configuration de votre syst\u00e8me coh\u00e9rente et \u00e9volutive selon vos souhaits.<\/li><li><strong>Enregistrement de vos appels<\/strong><br>Nous vous offrons \u00e9galement la possibilit\u00e9 d&rsquo;enregistrer vos communications t\u00e9l\u00e9phoniques.<\/li><li><strong>S\u00e9curit\u00e9<\/strong><br>Nous s\u00e9curisons vos connexions avec nos serveurs gr\u00e2ce au protocole en SSL.<\/li><li><strong>Rapport d&rsquo;appels<\/strong><br>Nous vous offrons la possibilit\u00e9 de personnaliser la configuration de vos rapports d&rsquo;appel (audit interne)<\/li><li><strong>Expertise<\/strong><br>Infoserv est 3CX Certified Ingeneer.<\/li><li><strong>Monitoring 24\/7<\/strong><br>En cas d&rsquo;anomalie ou d&rsquo;indisponibilit\u00e9, nous sommes avertis par notre syst\u00e8me de monitoring et nous pouvons ainsi intervenir de mani\u00e8re proactive !<\/li><li><strong>Sauvegarde journali\u00e8re<\/strong><br>Nous r\u00e9alisons la sauvegarde de votre central avec une r\u00e9tention de 7 jours (et plus en option). Nous r\u00e9pliquons \u00e9galement vos donn\u00e9es toutes les 15 minutes dans nos diff\u00e9rents Datacentres.<\/li><li><strong>Assistance et support<\/strong><br>Nous sommes disponibles \u00e0 vos c\u00f4t\u00e9s pour vous aider en cas de difficult\u00e9. <\/li><\/ul><\/div>\n","protected":false},"excerpt":{"rendered":"<p>Vous voudriez remplacer votre standard t\u00e9l\u00e9phonique d\u00e9mod\u00e9 et encombrant avec une solution moderne de Communications Unifi\u00e9es. 3CX est un PABX logiciel aux standards ouverts qui fonctionne avec les t\u00e9l\u00e9phones IP et les trunks SIP les plus communs, sur site ou dans le cloud. C\u2019est une solution compl\u00e8te de Communications Unifi\u00e9es, incluant des fonctionnalit\u00e9s telles que la web conf\u00e9rence, la pr\u00e9sence, les softphones et clients pour smartphones et plus encore&#8230; Les avantages de la t\u00e9l\u00e9phonie VOIP Les avantages de la t\u00e9l\u00e9phonie VOIP Pourquoi choisir B2B Computing ?<\/p>\n<p> <a class=\"more-link\" href=\"https:\/\/www.b2bcomputing.lu\/index.php\/telephonie\/\">Lire la suite<\/a><\/p>","protected":false},"author":1,"featured_media":0,"parent":0,"menu_order":0,"comment_status":"closed","ping_status":"closed","template":"","meta":{"footnotes":""},"class_list":["post-160","page","type-page","status-publish"],"_links":{"self":[{"href":"https:\/\/www.b2bcomputing.lu\/index.php\/wp-json\/wp\/v2\/pages\/160","targetHints":{"allow":["GET"]}}],"collection":[{"href":"https:\/\/www.b2bcomputing.lu\/index.php\/wp-json\/wp\/v2\/pages"}],"about":[{"href":"https:\/\/www.b2bcomputing.lu\/index.php\/wp-json\/wp\/v2\/types\/page"}],"author":[{"embeddable":true,"href":"https:\/\/www.b2bcomputing.lu\/index.php\/wp-json\/wp\/v2\/users\/1"}],"replies":[{"embeddable":true,"href":"https:\/\/www.b2bcomputing.lu\/index.php\/wp-json\/wp\/v2\/comments?post=160"}],"version-history":[{"count":1,"href":"https:\/\/www.b2bcomputing.lu\/index.php\/wp-json\/wp\/v2\/pages\/160\/revisions"}],"predecessor-version":[{"id":608,"href":"https:\/\/www.b2bcomputing.lu\/index.php\/wp-json\/wp\/v2\/pages\/160\/revisions\/608"}],"wp:attachment":[{"href":"https:\/\/www.b2bcomputing.lu\/index.php\/wp-json\/wp\/v2\/media?parent=160"}],"curies":[{"name":"wp","href":"https:\/\/api.w.org\/{rel}","templated":true}]}}