{"id":162,"date":"2019-03-01T17:16:45","date_gmt":"2019-03-01T16:16:45","guid":{"rendered":"https:\/\/b2bcomputinglu.wpcomstaging.com\/?page_id=162"},"modified":"2019-04-05T15:42:49","modified_gmt":"2019-04-05T15:42:49","slug":"serveur-local-et-sauvegarde","status":"publish","type":"page","link":"https:\/\/www.b2bcomputing.lu\/index.php\/serveur-local-et-sauvegarde\/","title":{"rendered":"Synchroniser mes documents."},"content":{"rendered":"\n<div class=\"wp-block-media-text alignwide\"><figure class=\"wp-block-media-text__media\"><img decoding=\"async\" src=\"https:\/\/www.b2bcomputing.lu\/wp-content\/uploads\/2019\/03\/creer_un_compte_synology.png\" alt=\"\"\/><\/figure><div class=\"wp-block-media-text__content\">\n<p class=\"has-small-font-size\">Si vous travaillez \u00e0 la fois sur PC fixe et sur portable, vous vous posez souvent la question suivante : quelle est la bonne derni\u00e8re version, celle de mon PC de bureau ou celle de mon portable ?<\/p>\n\n\n\n<p class=\"has-small-font-size\">Si vous travaillez sur plusieurs appareils pendant la semaine, ou collaborez souvent avec des coll\u00e8gues et clients sur des projets, vous avez assur\u00e9ment besoin d&rsquo;une bonne solution de partage et de synchronisation des fichiers pour \u00eatre certain d&rsquo;avoir la bonne version.<\/p>\n\n\n\n<p class=\"has-small-font-size\">Notre solution simplifie le partage et la synchronisation des fichiers tout en vous laissant garder le contr\u00f4le total de qui voit quoi.<\/p>\n<\/div><\/div>\n\n\n\n<h4 class=\"wp-block-heading\">Pourquoi choisir B2B Computing ? <\/h4>\n\n\n\n<div class=\"wp-block-ugb-icon-list ugb-icon-list-wrapper\"><ul class=\"ugb-icon-list ugb-icon--icon-check ugb-icon--columns-1\" style=\"--icon:url('data:image\/svg+xml;base64,PHN2ZyB2aWV3Qm94PSIwIDAgMTk0IDE5NCIgeG1sbnM9Imh0dHA6Ly93d3cudzMub3JnLzIwMDAvc3ZnIiBzdHlsZT0iZmlsbDojYTY3MjQyIj48cGF0aCBkPSJNOTYuOSAyYy01Mi40IDAtOTUgNDIuNi05NSA5NXM0Mi42IDk1IDk1IDk1IDk1LTQyLjYgOTUtOTUtNDIuNi05NS05NS05NXpNNzYuNiAxNDQuN2wtMzYuNS0zNi41IDEwLjYtMTAuNiAyNS45IDI1LjkgNjguOC02OC44TDE1NiA2NS4zbC03OS40IDc5LjR6Ij48L3BhdGg+PC9zdmc+');--icon-size:20px;--gap:16px\"><li><strong> Synchronisation<\/strong><br>Vous synchronisez tous vos documents sur vos p\u00e9riph\u00e9riques (PC Windows &#8211; Tablette &#8211; Smartphone &#8211; Mac &#8211; Android).<\/li><li><strong>Haute performance<\/strong><br>Gr\u00e2ce \u00e0 notre infrastructure ma\u00eetris\u00e9e \u00e0 100%, h\u00e9berg\u00e9e en Belgique, en France ou au Luxembourg, nous vous garantissons une tr\u00e8s grande rapidit\u00e9 de connexion \u00e0 votre site ainsi qu&rsquo;une tr\u00e8s grande disponibilit\u00e9 de celui-ci.<\/li><li><strong>S\u00e9curit\u00e9<\/strong><br>Nous s\u00e9curisons vos connexions avec nos serveurs gr\u00e2ce au protocole en SSL.<\/li><li><strong>Solution \u00e9conomique<\/strong><br>Nous vous offrons la tranquillit\u00e9 \u00e0 un prix tr\u00e8s avantageux.<\/li><li><strong>Monitoring 24\/7<\/strong><br>En cas d&rsquo;anomalie ou d&rsquo;indisponibilit\u00e9, nous sommes avertis par notre syst\u00e8me de monitoring et nous pouvons ainsi intervenir de mani\u00e8re proactive !<\/li><li><strong>Sauvegarde journali\u00e8re<\/strong><br>Nous sauvegardons vos documents quotidiennement.<\/li><li><strong>Assistance et support<\/strong><br>Nous sommes disponibles \u00e0 vos c\u00f4t\u00e9s pour vous aider en cas de difficult\u00e9. <\/li><\/ul><\/div>\n","protected":false},"excerpt":{"rendered":"<p>Si vous travaillez \u00e0 la fois sur PC fixe et sur portable, vous vous posez souvent la question suivante : quelle est la bonne derni\u00e8re version, celle de mon PC de bureau ou celle de mon portable ? Si vous travaillez sur plusieurs appareils pendant la semaine, ou collaborez souvent avec des coll\u00e8gues et clients sur des projets, vous avez assur\u00e9ment besoin d&rsquo;une bonne solution de partage et de synchronisation des fichiers pour \u00eatre certain d&rsquo;avoir la bonne version. Notre solution simplifie le partage et la synchronisation des fichiers tout en vous laissant garder le contr\u00f4le total de qui voit quoi. Pourquoi choisir B2B Computing ?<\/p>\n<p> <a class=\"more-link\" href=\"https:\/\/www.b2bcomputing.lu\/index.php\/serveur-local-et-sauvegarde\/\">Lire la suite<\/a><\/p>","protected":false},"author":1,"featured_media":0,"parent":0,"menu_order":0,"comment_status":"closed","ping_status":"closed","template":"","meta":{"footnotes":""},"class_list":["post-162","page","type-page","status-publish"],"_links":{"self":[{"href":"https:\/\/www.b2bcomputing.lu\/index.php\/wp-json\/wp\/v2\/pages\/162","targetHints":{"allow":["GET"]}}],"collection":[{"href":"https:\/\/www.b2bcomputing.lu\/index.php\/wp-json\/wp\/v2\/pages"}],"about":[{"href":"https:\/\/www.b2bcomputing.lu\/index.php\/wp-json\/wp\/v2\/types\/page"}],"author":[{"embeddable":true,"href":"https:\/\/www.b2bcomputing.lu\/index.php\/wp-json\/wp\/v2\/users\/1"}],"replies":[{"embeddable":true,"href":"https:\/\/www.b2bcomputing.lu\/index.php\/wp-json\/wp\/v2\/comments?post=162"}],"version-history":[{"count":1,"href":"https:\/\/www.b2bcomputing.lu\/index.php\/wp-json\/wp\/v2\/pages\/162\/revisions"}],"predecessor-version":[{"id":611,"href":"https:\/\/www.b2bcomputing.lu\/index.php\/wp-json\/wp\/v2\/pages\/162\/revisions\/611"}],"wp:attachment":[{"href":"https:\/\/www.b2bcomputing.lu\/index.php\/wp-json\/wp\/v2\/media?parent=162"}],"curies":[{"name":"wp","href":"https:\/\/api.w.org\/{rel}","templated":true}]}}