{"id":208,"date":"2019-03-06T13:55:02","date_gmt":"2019-03-06T12:55:02","guid":{"rendered":"https:\/\/b2bcomputinglu.wpcomstaging.com\/?page_id=208"},"modified":"2019-04-09T14:38:22","modified_gmt":"2019-04-09T14:38:22","slug":"pourquoi-choisir-notre-cloud-2","status":"publish","type":"page","link":"https:\/\/www.b2bcomputing.lu\/index.php\/pourquoi-choisir-notre-cloud-2\/","title":{"rendered":"Pourquoi choisir notre Cloud ?"},"content":{"rendered":"\n<h2 class=\"wp-block-heading\">Pourquoi choisir notre Cloud ? <\/h2>\n\n\n\n<div class=\"wp-block-image\"><figure class=\"alignright is-resized\"><img loading=\"lazy\" decoding=\"async\" src=\"https:\/\/www.infoserv.be\/DOCUMENTS\/ADMS_HOME\/top.jpg\" alt=\"\" width=\"159\" height=\"112\"\/><\/figure><\/div>\n\n\n\n<div class=\"wp-block-ugb-icon-list ugb-icon-list-wrapper\"><ul class=\"ugb-icon-list ugb-icon--icon-check ugb-icon--columns-1\" style=\"--icon:url('data:image\/svg+xml;base64,PHN2ZyB2aWV3Qm94PSIwIDAgMTkwIDE5MCIgeG1sbnM9Imh0dHA6Ly93d3cudzMub3JnLzIwMDAvc3ZnIiBzdHlsZT0iZmlsbDojMDY5M2UzIj48cGF0aCBkPSJNMTczLjggMjguNEw2MC40IDE0MS44IDE1LjcgOTcuMiA1LjEgMTA3LjggNjAuNCAxNjNsMTI0LTEyNC0xMC42LTEwLjZ6Ij48L3BhdGg+PC9zdmc+');--icon-size:20px;--gap:16px\"><li> Vous disposez de votre propre serveur virtuel en datacentre.<\/li><li>Vous b\u00e9n\u00e9ficiez de tous les avantages du cloud et de la mobilit\u00e9<\/li><li>Vous conservez les droits \u00ab\u00a0Administrateurs\u00a0\u00bb.<\/li><li>Vous cr\u00e9ez et g\u00e9rez vos utilisateurs.<\/li><li>&nbsp;Vous gardez la main sur vos programmes et applications.<\/li><li>Vous n&rsquo;\u00eates pas li\u00e9 par un contrat longue dur\u00e9e. (max. 1 mois)<\/li><li>&nbsp;Nous nous occupons de la s\u00e9curit\u00e9 et de la sauvegarde de vos donn\u00e9es.<\/li><li>Vous pouvez transf\u00e9rer vos donn\u00e9es \u00e0 tout moment.<\/li><li>&nbsp;Nous restons tr\u00e8s comp\u00e9titifs. <\/li><\/ul><\/div>\n","protected":false},"excerpt":{"rendered":"<p>Pourquoi choisir notre Cloud ?<\/p>\n<p> <a class=\"more-link\" href=\"https:\/\/www.b2bcomputing.lu\/index.php\/pourquoi-choisir-notre-cloud-2\/\">Lire la suite<\/a><\/p>","protected":false},"author":1,"featured_media":0,"parent":0,"menu_order":0,"comment_status":"closed","ping_status":"closed","template":"","meta":{"footnotes":""},"class_list":["post-208","page","type-page","status-publish"],"_links":{"self":[{"href":"https:\/\/www.b2bcomputing.lu\/index.php\/wp-json\/wp\/v2\/pages\/208","targetHints":{"allow":["GET"]}}],"collection":[{"href":"https:\/\/www.b2bcomputing.lu\/index.php\/wp-json\/wp\/v2\/pages"}],"about":[{"href":"https:\/\/www.b2bcomputing.lu\/index.php\/wp-json\/wp\/v2\/types\/page"}],"author":[{"embeddable":true,"href":"https:\/\/www.b2bcomputing.lu\/index.php\/wp-json\/wp\/v2\/users\/1"}],"replies":[{"embeddable":true,"href":"https:\/\/www.b2bcomputing.lu\/index.php\/wp-json\/wp\/v2\/comments?post=208"}],"version-history":[{"count":1,"href":"https:\/\/www.b2bcomputing.lu\/index.php\/wp-json\/wp\/v2\/pages\/208\/revisions"}],"predecessor-version":[{"id":618,"href":"https:\/\/www.b2bcomputing.lu\/index.php\/wp-json\/wp\/v2\/pages\/208\/revisions\/618"}],"wp:attachment":[{"href":"https:\/\/www.b2bcomputing.lu\/index.php\/wp-json\/wp\/v2\/media?parent=208"}],"curies":[{"name":"wp","href":"https:\/\/api.w.org\/{rel}","templated":true}]}}