{"id":210,"date":"2019-03-06T13:55:02","date_gmt":"2019-03-06T12:55:02","guid":{"rendered":"https:\/\/b2bcomputinglu.wpcomstaging.com\/?page_id=210"},"modified":"2019-04-05T15:38:00","modified_gmt":"2019-04-05T15:38:00","slug":"decouvrez-votre-bureau-virtuel-2","status":"publish","type":"page","link":"https:\/\/www.b2bcomputing.lu\/index.php\/decouvrez-votre-bureau-virtuel-2\/","title":{"rendered":"D\u00e9couvrez votre bureau virtuel"},"content":{"rendered":"\n<div class=\"wp-block-media-text alignwide\"><figure class=\"wp-block-media-text__media\"><img loading=\"lazy\" decoding=\"async\" width=\"1347\" height=\"600\" src=\"https:\/\/www.b2bcomputing.lu\/wp-content\/uploads\/2019\/03\/cloud_bureau_virtuel_infoserv-1.jpg?w=736\" alt=\"\" class=\"wp-image-148\" srcset=\"https:\/\/www.b2bcomputing.lu\/wp-content\/uploads\/2019\/03\/cloud_bureau_virtuel_infoserv-1.jpg 1347w, https:\/\/www.b2bcomputing.lu\/wp-content\/uploads\/2019\/03\/cloud_bureau_virtuel_infoserv-1-300x134.jpg 300w, https:\/\/www.b2bcomputing.lu\/wp-content\/uploads\/2019\/03\/cloud_bureau_virtuel_infoserv-1-768x342.jpg 768w, https:\/\/www.b2bcomputing.lu\/wp-content\/uploads\/2019\/03\/cloud_bureau_virtuel_infoserv-1-1024x456.jpg 1024w\" sizes=\"auto, (max-width: 1347px) 100vw, 1347px\" \/><\/figure><div class=\"wp-block-media-text__content\">\n<p>Que ce soit pour votre bureautique, votre bo\u00eete email, vos documents ou votre comptabilit\u00e9, votre logiciel de devis et facturation, vos donn\u00e9es m\u00e9ritent d&rsquo;\u00eatre en s\u00e9curit\u00e9.<\/p>\n\n\n\n<p>A l&rsquo;heure actuelle, la s\u00e9curit\u00e9 de vos donn\u00e9es et la sauvegarde de celles-ci ne sont plus une option !<\/p>\n\n\n\n<p>Nous prenons en charge toute la gestion de votre infrastructure informatique tant le mat\u00e9riel (le serveur) que les logiciels (installation et mises \u00e0 jour) afin de vous permettre de vous concentrer sur votre coeur de m\u00e9tier.<\/p>\n\n\n\n<p>Cette solution est comparable \u00e0 l\u2019achat d\u2019une voiture avec une garantie compl\u00e8te, qui inclut le changement de l\u2019huile et les entretiens gratuits.<\/p>\n<\/div><\/div>\n\n\n\n<h3 class=\"wp-block-heading\">Pourquoi le bureau virtuel est la bonne solution :<\/h3>\n\n\n\n<div class=\"wp-block-ugb-icon-list ugb-icon-list-wrapper\"><ul class=\"ugb-icon-list ugb-icon--icon-check ugb-icon--columns-1\" style=\"--icon:url('data:image\/svg+xml;base64,PHN2ZyB2aWV3Qm94PSIwIDAgMTkwIDE5MCIgeG1sbnM9Imh0dHA6Ly93d3cudzMub3JnLzIwMDAvc3ZnIiBzdHlsZT0iZmlsbDojMDY5M2UzIj48cGF0aCBkPSJNMTczLjggMjguNEw2MC40IDE0MS44IDE1LjcgOTcuMiA1LjEgMTA3LjggNjAuNCAxNjNsMTI0LTEyNC0xMC42LTEwLjZ6Ij48L3BhdGg+PC9zdmc+');--icon-size:20px;--gap:16px\"><li> &nbsp;Vos donn\u00e9es sont accessibles 24h s\/24, 7 jours s\/7, partout dans le monde et toujours en temps r\u00e9el.<\/li><li>Quel que soit l&rsquo;endroit o\u00f9 vous travaillez ou l&rsquo;outil que vous utilisez, vous \u00eates directement op\u00e9rationnel.<\/li><li>L&rsquo;installation d&rsquo;une application, les mises \u00e0 jour, l&rsquo;ajout ou le retrait d&rsquo;un utilisateur se fait de mani\u00e8re centralis\u00e9e et non plus sur chaque poste.<\/li><li>Facilit\u00e9 de gestion des diff\u00e9rents acc\u00e8s, sauvegardes journali\u00e8res automatis\u00e9es, protection des donn\u00e9es (vol, incendie, \u2026), mises \u00e0 jour effectu\u00e9es dans les temps, protection contre les virus et logiciels malveillants.<\/li><li>Moins de maintenance, long\u00e9vit\u00e9 accrue de votre mat\u00e9riel informatique (votre PC devient un terminal), moins de frais de d\u00e9placement, gr\u00e2ce aux possibilit\u00e9s de travail \u00e0 domicile, l&rsquo;absent\u00e9isme est moindre, co\u00fbts inf\u00e9rieurs \u00e0 une infrastructure locale, centralisation des co\u00fbts de licences. <\/li><\/ul><\/div>\n\n\n\n<figure class=\"wp-block-embed aligncenter is-type-rich is-provider-prise-en-charge-des-contenus-embarques\"><div class=\"wp-block-embed__wrapper\">\n<div style=\"width: 640px;\" class=\"wp-video\"><video class=\"wp-video-shortcode\" id=\"video-210-1\" width=\"640\" height=\"360\" preload=\"metadata\" controls=\"controls\"><source type=\"video\/mp4\" src=\"https:\/\/www.infoserv.be\/DOCUMENTS\/VIDEOS\/Bureau_Virtuel.mp4?_=1\" \/><a href=\"https:\/\/www.infoserv.be\/DOCUMENTS\/VIDEOS\/Bureau_Virtuel.mp4\">https:\/\/www.infoserv.be\/DOCUMENTS\/VIDEOS\/Bureau_Virtuel.mp4<\/a><\/video><\/div>\n<\/div><\/figure>\n","protected":false},"excerpt":{"rendered":"<p>Que ce soit pour votre bureautique, votre bo\u00eete email, vos documents ou votre comptabilit\u00e9, votre logiciel de devis et facturation, vos donn\u00e9es m\u00e9ritent d&rsquo;\u00eatre en s\u00e9curit\u00e9. A l&rsquo;heure actuelle, la s\u00e9curit\u00e9 de vos donn\u00e9es et la sauvegarde de celles-ci ne sont plus une option ! Nous prenons en charge toute la gestion de votre infrastructure informatique tant le mat\u00e9riel (le serveur) que les logiciels (installation et mises \u00e0 jour) afin de vous permettre de vous concentrer sur votre coeur de m\u00e9tier. Cette solution est comparable \u00e0 l\u2019achat d\u2019une voiture avec une garantie compl\u00e8te, qui inclut le changement de l\u2019huile et les entretiens gratuits. Pourquoi le bureau virtuel est la bonne solution :<\/p>\n<p> <a class=\"more-link\" href=\"https:\/\/www.b2bcomputing.lu\/index.php\/decouvrez-votre-bureau-virtuel-2\/\">Lire la suite<\/a><\/p>","protected":false},"author":1,"featured_media":0,"parent":0,"menu_order":0,"comment_status":"closed","ping_status":"closed","template":"","meta":{"footnotes":""},"class_list":["post-210","page","type-page","status-publish"],"_links":{"self":[{"href":"https:\/\/www.b2bcomputing.lu\/index.php\/wp-json\/wp\/v2\/pages\/210","targetHints":{"allow":["GET"]}}],"collection":[{"href":"https:\/\/www.b2bcomputing.lu\/index.php\/wp-json\/wp\/v2\/pages"}],"about":[{"href":"https:\/\/www.b2bcomputing.lu\/index.php\/wp-json\/wp\/v2\/types\/page"}],"author":[{"embeddable":true,"href":"https:\/\/www.b2bcomputing.lu\/index.php\/wp-json\/wp\/v2\/users\/1"}],"replies":[{"embeddable":true,"href":"https:\/\/www.b2bcomputing.lu\/index.php\/wp-json\/wp\/v2\/comments?post=210"}],"version-history":[{"count":1,"href":"https:\/\/www.b2bcomputing.lu\/index.php\/wp-json\/wp\/v2\/pages\/210\/revisions"}],"predecessor-version":[{"id":604,"href":"https:\/\/www.b2bcomputing.lu\/index.php\/wp-json\/wp\/v2\/pages\/210\/revisions\/604"}],"wp:attachment":[{"href":"https:\/\/www.b2bcomputing.lu\/index.php\/wp-json\/wp\/v2\/media?parent=210"}],"curies":[{"name":"wp","href":"https:\/\/api.w.org\/{rel}","templated":true}]}}