{"id":428,"date":"2019-02-28T16:28:20","date_gmt":"2019-02-28T15:28:20","guid":{"rendered":"https:\/\/b2bcomputinglu.wpcomstaging.com\/?page_id=5"},"modified":"2019-04-09T14:36:38","modified_gmt":"2019-04-09T14:36:38","slug":"accueil","status":"publish","type":"page","link":"https:\/\/www.b2bcomputing.lu\/index.php\/accueil\/","title":{"rendered":"Notre Cloud"},"content":{"rendered":"\n<div class=\"wp-block-ugb-feature-grid ugb-feature-grid ugb-feature-grid--columns-2 ugb-feature-grid--design-plain\"><div class=\"ugb-feature-grid__item\"><div class=\"ugb-feature-grid__image\"><img decoding=\"async\" src=\"https:\/\/www.b2bcomputing.lu\/wp-content\/uploads\/2019\/03\/Cloud.jpg\" style=\"width:79%\" alt=\"Travailler en Cloud \"\/><\/div><div class=\"ugb-feature-grid__content\"><h5 class=\"ugb-feature-grid__title\">Travailler en Cloud <\/h5><p class=\"ugb-feature-grid__description\"> Connectez-vous \u00e0 votre bureau virtuel partout, depuis votre entreprise ou votre domicile. Communiquez et partagez facilement avec vos coll\u00e8gues sur diff\u00e9rents sites. On s&rsquo;occupe pour vous des sauvegardes, de la s\u00e9curit\u00e9 et des mises \u00e0 jour. <\/p><div><a class=\"ugb-button ugb-button--align-center ugb-button--size-normal ugb-button--design-link\" href=\"https:\/\/www.b2bcomputing.lu\/index.php\/decouvrez-votre-bureau-virtuel-2\/\"><span class=\"\">Voir plus. <\/span><\/a><\/div><\/div><\/div><div class=\"ugb-feature-grid__item\"><div class=\"ugb-feature-grid__image\"><img decoding=\"async\" src=\"https:\/\/www.b2bcomputing.lu\/wp-content\/uploads\/2019\/03\/Exchange.jpg\" style=\"width:79%\" alt=\"Synchroniser Emails et agenda\"\/><\/div><div class=\"ugb-feature-grid__content\"><h5 class=\"ugb-feature-grid__title\">Synchroniser Emails et agenda<\/h5><p class=\"ugb-feature-grid__description\"> Vous pourrez consulter et envoyer vos messages depuis n\u00b4importe quel p\u00e9riph\u00e9rique, partager votre agenda, vos contacts et vos ressources avec vos coll\u00e8gues. <\/p><div><a class=\"ugb-button ugb-button--align-center ugb-button--size-normal ugb-button--design-link\" href=\"https:\/\/www.b2bcomputing.lu\/index.php\/pourquoi-choisir-notre-cloud\/\"><span class=\"\">Voir plus. <\/span><\/a><\/div><\/div><\/div><\/div>\n\n\n\n<div class=\"wp-block-ugb-feature-grid ugb-feature-grid ugb-feature-grid--columns-2 ugb-feature-grid--design-plain\"><div class=\"ugb-feature-grid__item\"><div class=\"ugb-feature-grid__image\"><img decoding=\"async\" src=\"https:\/\/www.b2bcomputing.lu\/wp-content\/uploads\/2019\/03\/3CX.jpg\" style=\"width:79%\" alt=\"T\u00e9l\u00e9phonie IP &amp; Call center\"\/><\/div><div class=\"ugb-feature-grid__content\"><h5 class=\"ugb-feature-grid__title\">T\u00e9l\u00e9phonie IP &amp; Call center<\/h5><p class=\"ugb-feature-grid__description\"> Il est temps de migrer votre t\u00e9l\u00e9phonie en cloud. Fini les centraux t\u00e9l\u00e9phoniques locaux, place \u00e0 la mobilit\u00e9 et \u00e0 la gestion moderne de votre t\u00e9l\u00e9phonie. <\/p><div><a class=\"ugb-button ugb-button--align-center ugb-button--size-normal ugb-button--design-link\" href=\"https:\/\/www.b2bcomputing.lu\/index.php\/telephonie\/\"><span class=\"\">Voir plus. <\/span><\/a><\/div><\/div><\/div><div class=\"ugb-feature-grid__item\"><div class=\"ugb-feature-grid__image\"><img decoding=\"async\" src=\"https:\/\/www.b2bcomputing.lu\/wp-content\/uploads\/2019\/03\/SYNOLOGY-1.jpg\" style=\"width:79%\" alt=\"Serveur Local et sauvegarde\"\/><\/div><div class=\"ugb-feature-grid__content\"><h5 class=\"ugb-feature-grid__title\">Serveur Local et sauvegarde<\/h5><p class=\"ugb-feature-grid__description\"> Vous souhaitez garder vos donn\u00e9es en interne ? Avez-vous pens\u00e9 aux sauvegardes ? Nous vous proposons la sauvegarde et la gestion de vos donn\u00e9es locales <\/p><div><a class=\"ugb-button ugb-button--align-center ugb-button--size-normal ugb-button--design-link\" href=\"https:\/\/www.b2bcomputing.lu\/index.php\/serveur-local-et-sauvegarde\/\"><span class=\"\">Voir plus.<\/span><\/a><\/div><\/div><\/div><\/div>\n","protected":false},"excerpt":{"rendered":"<p> <a class=\"more-link\" href=\"https:\/\/www.b2bcomputing.lu\/index.php\/accueil\/\">Lire la suite<\/a><\/p>","protected":false},"author":1,"featured_media":0,"parent":0,"menu_order":1,"comment_status":"closed","ping_status":"closed","template":"","meta":{"footnotes":""},"class_list":["post-428","page","type-page","status-publish"],"_links":{"self":[{"href":"https:\/\/www.b2bcomputing.lu\/index.php\/wp-json\/wp\/v2\/pages\/428","targetHints":{"allow":["GET"]}}],"collection":[{"href":"https:\/\/www.b2bcomputing.lu\/index.php\/wp-json\/wp\/v2\/pages"}],"about":[{"href":"https:\/\/www.b2bcomputing.lu\/index.php\/wp-json\/wp\/v2\/types\/page"}],"author":[{"embeddable":true,"href":"https:\/\/www.b2bcomputing.lu\/index.php\/wp-json\/wp\/v2\/users\/1"}],"replies":[{"embeddable":true,"href":"https:\/\/www.b2bcomputing.lu\/index.php\/wp-json\/wp\/v2\/comments?post=428"}],"version-history":[{"count":1,"href":"https:\/\/www.b2bcomputing.lu\/index.php\/wp-json\/wp\/v2\/pages\/428\/revisions"}],"predecessor-version":[{"id":548,"href":"https:\/\/www.b2bcomputing.lu\/index.php\/wp-json\/wp\/v2\/pages\/428\/revisions\/548"}],"wp:attachment":[{"href":"https:\/\/www.b2bcomputing.lu\/index.php\/wp-json\/wp\/v2\/media?parent=428"}],"curies":[{"name":"wp","href":"https:\/\/api.w.org\/{rel}","templated":true}]}}